{"id":10775,"date":"2026-02-10T21:12:13","date_gmt":"2026-02-10T20:12:13","guid":{"rendered":"https:\/\/aliber.org\/web\/?page_id=10775"},"modified":"2026-02-10T23:14:42","modified_gmt":"2026-02-10T22:14:42","slug":"colaboradores-oficiales","status":"publish","type":"page","link":"https:\/\/aliber.org\/web\/colaboradores-oficiales\/","title":{"rendered":"Colaboradores Oficiales"},"content":{"rendered":"\t\t<div data-elementor-type=\"wp-page\" data-elementor-id=\"10775\" class=\"elementor elementor-10775\" data-elementor-post-type=\"page\">\n\t\t\t\t\t\t<section class=\"elementor-section elementor-top-section elementor-element elementor-element-36c9caa elementor-section-boxed elementor-section-height-default elementor-section-height-default\" data-id=\"36c9caa\" data-element_type=\"section\" data-e-type=\"section\">\n\t\t\t\t\t\t<div class=\"elementor-container elementor-column-gap-default\">\n\t\t\t\t\t<div class=\"elementor-column elementor-col-50 elementor-top-column elementor-element elementor-element-7d743be\" data-id=\"7d743be\" data-element_type=\"column\" data-e-type=\"column\">\n\t\t\t<div class=\"elementor-widget-wrap elementor-element-populated\">\n\t\t\t\t\t\t<div class=\"elementor-element elementor-element-5a975b0 elementor-widget__width-initial elementor-widget elementor-widget-image\" data-id=\"5a975b0\" data-element_type=\"widget\" data-e-type=\"widget\" data-widget_type=\"image.default\">\n\t\t\t\t<div class=\"elementor-widget-container\">\n\t\t\t\t\t\t\t\t\t\t\t\t\t\t\t<img fetchpriority=\"high\" decoding=\"async\" width=\"640\" height=\"411\" src=\"https:\/\/aliber.org\/web\/wp-content\/uploads\/2026\/02\/ColabOfic-03.jpeg\" class=\"attachment-large size-large wp-image-10787\" alt=\"\" srcset=\"https:\/\/aliber.org\/web\/wp-content\/uploads\/2026\/02\/ColabOfic-03.jpeg 740w, https:\/\/aliber.org\/web\/wp-content\/uploads\/2026\/02\/ColabOfic-03-300x193.jpeg 300w\" sizes=\"(max-width: 640px) 100vw, 640px\" \/>\t\t\t\t\t\t\t\t\t\t\t\t\t\t\t<\/div>\n\t\t\t\t<\/div>\n\t\t\t\t\t<\/div>\n\t\t<\/div>\n\t\t\t\t<div class=\"elementor-column elementor-col-50 elementor-top-column elementor-element elementor-element-8cc7ff8\" data-id=\"8cc7ff8\" data-element_type=\"column\" data-e-type=\"column\">\n\t\t\t<div class=\"elementor-widget-wrap elementor-element-populated\">\n\t\t\t\t\t\t<div class=\"elementor-element elementor-element-657bc6a elementor-widget elementor-widget-heading\" data-id=\"657bc6a\" data-element_type=\"widget\" data-e-type=\"widget\" data-widget_type=\"heading.default\">\n\t\t\t\t<div class=\"elementor-widget-container\">\n\t\t\t\t\t<h2 class=\"elementor-heading-title elementor-size-default\"><span><b>CONSEJO CORPORATIVO IBEROAMERICANO DE ER - ALIBER<\/b><\/span><\/h2>\t\t\t\t<\/div>\n\t\t\t\t<\/div>\n\t\t\t\t<div class=\"elementor-element elementor-element-efd29ac elementor-widget elementor-widget-text-editor\" data-id=\"efd29ac\" data-element_type=\"widget\" data-e-type=\"widget\" data-widget_type=\"text-editor.default\">\n\t\t\t\t<div class=\"elementor-widget-container\">\n\t\t\t\t\t\t\t\t\t<p><strong>\u00bfQu\u00e9 es?<\/strong><\/p><p>El Consejo Corporativo de ALIBER es una plataforma estrat\u00e9gica de di\u00e1logo y colaboraci\u00f3n entre la ALIBER y un grupo selecto de biofarmac\u00e9uticas comprometidas con el impulso de los derechos, la atenci\u00f3n y la investigaci\u00f3n en enfermedades raras en Iberoam\u00e9rica. (Al frente imagen de referencia)<\/p>\t\t\t\t\t\t\t\t<\/div>\n\t\t\t\t<\/div>\n\t\t\t\t\t<\/div>\n\t\t<\/div>\n\t\t\t\t\t<\/div>\n\t\t<\/section>\n\t\t\t\t<section class=\"elementor-section elementor-top-section elementor-element elementor-element-2a06a3e elementor-section-boxed elementor-section-height-default elementor-section-height-default\" data-id=\"2a06a3e\" data-element_type=\"section\" data-e-type=\"section\">\n\t\t\t\t\t\t<div class=\"elementor-container elementor-column-gap-default\">\n\t\t\t\t\t<div class=\"elementor-column elementor-col-50 elementor-top-column elementor-element elementor-element-68dffcd\" data-id=\"68dffcd\" data-element_type=\"column\" data-e-type=\"column\">\n\t\t\t<div class=\"elementor-widget-wrap elementor-element-populated\">\n\t\t\t\t\t\t<div class=\"elementor-element elementor-element-f39950e elementor-widget elementor-widget-text-editor\" data-id=\"f39950e\" data-element_type=\"widget\" data-e-type=\"widget\" data-widget_type=\"text-editor.default\">\n\t\t\t\t<div class=\"elementor-widget-container\">\n\t\t\t\t\t\t\t\t\t<p><strong>\u00bfQui\u00e9nes lo integran?<\/strong><\/p><p>Empresas biofarmac\u00e9uticas y de tecnolog\u00eda sanitaria que demuestren un compromiso \u00e9tico y sostenido con los objetivos de ALIBER. Se accede por invitaci\u00f3n o solicitud, previa evaluaci\u00f3n de la junta ejecutiva.<\/p>\t\t\t\t\t\t\t\t<\/div>\n\t\t\t\t<\/div>\n\t\t\t\t\t<\/div>\n\t\t<\/div>\n\t\t\t\t<div class=\"elementor-column elementor-col-50 elementor-top-column elementor-element elementor-element-b2c6f1e\" data-id=\"b2c6f1e\" data-element_type=\"column\" data-e-type=\"column\">\n\t\t\t<div class=\"elementor-widget-wrap elementor-element-populated\">\n\t\t\t\t\t\t<div class=\"elementor-element elementor-element-3b4050f elementor-widget elementor-widget-image\" data-id=\"3b4050f\" data-element_type=\"widget\" data-e-type=\"widget\" data-widget_type=\"image.default\">\n\t\t\t\t<div class=\"elementor-widget-container\">\n\t\t\t\t\t\t\t\t\t\t\t\t\t\t\t<img decoding=\"async\" width=\"640\" height=\"360\" src=\"https:\/\/aliber.org\/web\/wp-content\/uploads\/2026\/02\/ColabOfic-01.jpeg\" class=\"attachment-large size-large wp-image-10776\" alt=\"\" srcset=\"https:\/\/aliber.org\/web\/wp-content\/uploads\/2026\/02\/ColabOfic-01.jpeg 672w, https:\/\/aliber.org\/web\/wp-content\/uploads\/2026\/02\/ColabOfic-01-300x169.jpeg 300w\" sizes=\"(max-width: 640px) 100vw, 640px\" \/>\t\t\t\t\t\t\t\t\t\t\t\t\t\t\t<\/div>\n\t\t\t\t<\/div>\n\t\t\t\t\t<\/div>\n\t\t<\/div>\n\t\t\t\t\t<\/div>\n\t\t<\/section>\n\t\t\t\t<section class=\"elementor-section elementor-top-section elementor-element elementor-element-d3accc3 elementor-section-boxed elementor-section-height-default elementor-section-height-default\" data-id=\"d3accc3\" data-element_type=\"section\" data-e-type=\"section\">\n\t\t\t\t\t\t<div class=\"elementor-container elementor-column-gap-default\">\n\t\t\t\t\t<div class=\"elementor-column elementor-col-50 elementor-top-column elementor-element elementor-element-0635833\" data-id=\"0635833\" data-element_type=\"column\" data-e-type=\"column\">\n\t\t\t<div class=\"elementor-widget-wrap elementor-element-populated\">\n\t\t\t\t\t\t<div class=\"elementor-element elementor-element-20049cd elementor-widget__width-initial elementor-widget elementor-widget-image\" data-id=\"20049cd\" data-element_type=\"widget\" data-e-type=\"widget\" data-widget_type=\"image.default\">\n\t\t\t\t<div class=\"elementor-widget-container\">\n\t\t\t\t\t\t\t\t\t\t\t\t\t\t\t<img decoding=\"async\" width=\"640\" height=\"360\" src=\"https:\/\/aliber.org\/web\/wp-content\/uploads\/2026\/02\/ColabOfic-02.jpeg\" class=\"attachment-large size-large wp-image-10782\" alt=\"\" srcset=\"https:\/\/aliber.org\/web\/wp-content\/uploads\/2026\/02\/ColabOfic-02.jpeg 710w, https:\/\/aliber.org\/web\/wp-content\/uploads\/2026\/02\/ColabOfic-02-300x169.jpeg 300w\" sizes=\"(max-width: 640px) 100vw, 640px\" \/>\t\t\t\t\t\t\t\t\t\t\t\t\t\t\t<\/div>\n\t\t\t\t<\/div>\n\t\t\t\t\t<\/div>\n\t\t<\/div>\n\t\t\t\t<div class=\"elementor-column elementor-col-50 elementor-top-column elementor-element elementor-element-1dd68fe\" data-id=\"1dd68fe\" data-element_type=\"column\" data-e-type=\"column\">\n\t\t\t<div class=\"elementor-widget-wrap elementor-element-populated\">\n\t\t\t\t\t\t<div class=\"elementor-element elementor-element-c99fa47 elementor-widget elementor-widget-text-editor\" data-id=\"c99fa47\" data-element_type=\"widget\" data-e-type=\"widget\" data-widget_type=\"text-editor.default\">\n\t\t\t\t<div class=\"elementor-widget-container\">\n\t\t\t\t\t\t\t\t\t<p><strong>\u00bfQui\u00e9nes pueden unirse?<\/strong><\/p><p>Laboratorios, compa\u00f1\u00edas tecnol\u00f3gicas, consultoras de salud, aseguradoras y otras empresas con inter\u00e9s \u00e9tico y sostenido en mejorar la calidad de vida y la equidad en salud.<\/p>\t\t\t\t\t\t\t\t<\/div>\n\t\t\t\t<\/div>\n\t\t\t\t\t<\/div>\n\t\t<\/div>\n\t\t\t\t\t<\/div>\n\t\t<\/section>\n\t\t\t\t<section class=\"elementor-section elementor-top-section elementor-element elementor-element-112bdd1 elementor-section-boxed elementor-section-height-default elementor-section-height-default\" data-id=\"112bdd1\" data-element_type=\"section\" data-e-type=\"section\">\n\t\t\t\t\t\t<div class=\"elementor-container elementor-column-gap-default\">\n\t\t\t\t\t<div class=\"elementor-column elementor-col-100 elementor-top-column elementor-element elementor-element-14aae5b\" data-id=\"14aae5b\" data-element_type=\"column\" data-e-type=\"column\">\n\t\t\t<div class=\"elementor-widget-wrap elementor-element-populated\">\n\t\t\t\t\t\t<div class=\"elementor-element elementor-element-cb00646 elementor-widget elementor-widget-spacer\" data-id=\"cb00646\" data-element_type=\"widget\" data-e-type=\"widget\" data-widget_type=\"spacer.default\">\n\t\t\t\t<div class=\"elementor-widget-container\">\n\t\t\t\t\t\t\t<div class=\"elementor-spacer\">\n\t\t\t<div class=\"elementor-spacer-inner\"><\/div>\n\t\t<\/div>\n\t\t\t\t\t\t<\/div>\n\t\t\t\t<\/div>\n\t\t\t\t\t<\/div>\n\t\t<\/div>\n\t\t\t\t\t<\/div>\n\t\t<\/section>\n\t\t\t\t<section class=\"elementor-section elementor-top-section elementor-element elementor-element-56a1016 elementor-section-boxed elementor-section-height-default elementor-section-height-default\" data-id=\"56a1016\" data-element_type=\"section\" data-e-type=\"section\">\n\t\t\t\t\t\t<div class=\"elementor-container elementor-column-gap-default\">\n\t\t\t\t\t<div class=\"elementor-column elementor-col-100 elementor-top-column elementor-element elementor-element-2fa64a2\" data-id=\"2fa64a2\" data-element_type=\"column\" data-e-type=\"column\">\n\t\t\t<div class=\"elementor-widget-wrap elementor-element-populated\">\n\t\t\t\t\t\t<div class=\"elementor-element elementor-element-e5d958b elementor-widget elementor-widget-image\" data-id=\"e5d958b\" data-element_type=\"widget\" data-e-type=\"widget\" data-widget_type=\"image.default\">\n\t\t\t\t<div class=\"elementor-widget-container\">\n\t\t\t\t\t\t\t\t\t\t\t\t\t\t\t<img loading=\"lazy\" decoding=\"async\" width=\"1051\" height=\"550\" src=\"https:\/\/aliber.org\/web\/wp-content\/uploads\/2026\/02\/ColabOfic-04.jpeg\" class=\"attachment-2048x2048 size-2048x2048 wp-image-10803\" alt=\"\" srcset=\"https:\/\/aliber.org\/web\/wp-content\/uploads\/2026\/02\/ColabOfic-04.jpeg 1051w, https:\/\/aliber.org\/web\/wp-content\/uploads\/2026\/02\/ColabOfic-04-300x157.jpeg 300w, https:\/\/aliber.org\/web\/wp-content\/uploads\/2026\/02\/ColabOfic-04-1024x536.jpeg 1024w, https:\/\/aliber.org\/web\/wp-content\/uploads\/2026\/02\/ColabOfic-04-768x402.jpeg 768w\" sizes=\"(max-width: 1051px) 100vw, 1051px\" \/>\t\t\t\t\t\t\t\t\t\t\t\t\t\t\t<\/div>\n\t\t\t\t<\/div>\n\t\t\t\t\t<\/div>\n\t\t<\/div>\n\t\t\t\t\t<\/div>\n\t\t<\/section>\n\t\t\t\t<section class=\"elementor-section elementor-top-section elementor-element elementor-element-b5a1ca0 elementor-section-boxed elementor-section-height-default elementor-section-height-default\" data-id=\"b5a1ca0\" data-element_type=\"section\" data-e-type=\"section\">\n\t\t\t\t\t\t<div class=\"elementor-container elementor-column-gap-default\">\n\t\t\t\t\t<div class=\"elementor-column elementor-col-100 elementor-top-column elementor-element elementor-element-7790886\" data-id=\"7790886\" data-element_type=\"column\" data-e-type=\"column\">\n\t\t\t<div class=\"elementor-widget-wrap elementor-element-populated\">\n\t\t\t\t\t\t<div class=\"elementor-element elementor-element-f7bc3cd elementor-widget-divider--view-line elementor-widget elementor-widget-divider\" data-id=\"f7bc3cd\" data-element_type=\"widget\" data-e-type=\"widget\" data-widget_type=\"divider.default\">\n\t\t\t\t<div class=\"elementor-widget-container\">\n\t\t\t\t\t\t\t<div class=\"elementor-divider\">\n\t\t\t<span class=\"elementor-divider-separator\">\n\t\t\t\t\t\t<\/span>\n\t\t<\/div>\n\t\t\t\t\t\t<\/div>\n\t\t\t\t<\/div>\n\t\t\t\t\t<\/div>\n\t\t<\/div>\n\t\t\t\t\t<\/div>\n\t\t<\/section>\n\t\t\t\t<section class=\"elementor-section elementor-top-section elementor-element elementor-element-31bb23c elementor-section-boxed elementor-section-height-default elementor-section-height-default\" data-id=\"31bb23c\" data-element_type=\"section\" data-e-type=\"section\">\n\t\t\t\t\t\t<div class=\"elementor-container elementor-column-gap-default\">\n\t\t\t\t\t<div class=\"elementor-column elementor-col-100 elementor-top-column elementor-element elementor-element-229484f\" data-id=\"229484f\" data-element_type=\"column\" data-e-type=\"column\">\n\t\t\t<div class=\"elementor-widget-wrap elementor-element-populated\">\n\t\t\t\t\t\t<div class=\"elementor-element elementor-element-f42e12f elementor-widget elementor-widget-image\" data-id=\"f42e12f\" data-element_type=\"widget\" data-e-type=\"widget\" data-widget_type=\"image.default\">\n\t\t\t\t<div class=\"elementor-widget-container\">\n\t\t\t\t\t\t\t\t\t\t\t\t\t\t\t<img loading=\"lazy\" decoding=\"async\" width=\"977\" height=\"569\" src=\"https:\/\/aliber.org\/web\/wp-content\/uploads\/2026\/02\/ColabOfic-05.jpeg\" class=\"attachment-2048x2048 size-2048x2048 wp-image-10804\" alt=\"\" srcset=\"https:\/\/aliber.org\/web\/wp-content\/uploads\/2026\/02\/ColabOfic-05.jpeg 977w, https:\/\/aliber.org\/web\/wp-content\/uploads\/2026\/02\/ColabOfic-05-300x175.jpeg 300w, https:\/\/aliber.org\/web\/wp-content\/uploads\/2026\/02\/ColabOfic-05-768x447.jpeg 768w\" sizes=\"(max-width: 977px) 100vw, 977px\" \/>\t\t\t\t\t\t\t\t\t\t\t\t\t\t\t<\/div>\n\t\t\t\t<\/div>\n\t\t\t\t\t<\/div>\n\t\t<\/div>\n\t\t\t\t\t<\/div>\n\t\t<\/section>\n\t\t\t\t<section class=\"elementor-section elementor-top-section elementor-element elementor-element-b96909d elementor-section-boxed elementor-section-height-default elementor-section-height-default\" data-id=\"b96909d\" data-element_type=\"section\" data-e-type=\"section\">\n\t\t\t\t\t\t<div class=\"elementor-container elementor-column-gap-default\">\n\t\t\t\t\t<div class=\"elementor-column elementor-col-100 elementor-top-column elementor-element elementor-element-df5a4b3\" data-id=\"df5a4b3\" data-element_type=\"column\" data-e-type=\"column\">\n\t\t\t<div class=\"elementor-widget-wrap elementor-element-populated\">\n\t\t\t\t\t\t<div class=\"elementor-element elementor-element-d291ce4 elementor-widget__width-initial elementor-widget elementor-widget-heading\" data-id=\"d291ce4\" data-element_type=\"widget\" data-e-type=\"widget\" data-widget_type=\"heading.default\">\n\t\t\t\t<div class=\"elementor-widget-container\">\n\t\t\t\t\t<span class=\"elementor-heading-title elementor-size-default\"><br>\nJuntos, podemos acelerar la transformaci\u00f3n del<br>\necosistema de enfermedades raras en Iberoam\u00e9rica\n<br><\/span>\t\t\t\t<\/div>\n\t\t\t\t<\/div>\n\t\t\t\t\t<\/div>\n\t\t<\/div>\n\t\t\t\t\t<\/div>\n\t\t<\/section>\n\t\t\t\t<section class=\"elementor-section elementor-top-section elementor-element elementor-element-79ee3f3 elementor-section-boxed elementor-section-height-default elementor-section-height-default\" data-id=\"79ee3f3\" data-element_type=\"section\" data-e-type=\"section\">\n\t\t\t\t\t\t<div class=\"elementor-container elementor-column-gap-default\">\n\t\t\t\t\t<div class=\"elementor-column elementor-col-100 elementor-top-column elementor-element elementor-element-1e28d5f\" data-id=\"1e28d5f\" data-element_type=\"column\" data-e-type=\"column\">\n\t\t\t<div class=\"elementor-widget-wrap elementor-element-populated\">\n\t\t\t\t\t\t<div class=\"elementor-element elementor-element-03d2f77 elementor-widget__width-initial elementor-widget elementor-widget-heading\" data-id=\"03d2f77\" data-element_type=\"widget\" data-e-type=\"widget\" data-widget_type=\"heading.default\">\n\t\t\t\t<div class=\"elementor-widget-container\">\n\t\t\t\t\t<h2 class=\"elementor-heading-title elementor-size-default\"><br>\n\u00bfTe sumas al cambio?\n<br><br><br><\/h2>\t\t\t\t<\/div>\n\t\t\t\t<\/div>\n\t\t\t\t\t<\/div>\n\t\t<\/div>\n\t\t\t\t\t<\/div>\n\t\t<\/section>\n\t\t\t\t<section class=\"elementor-section elementor-top-section elementor-element elementor-element-4888c2f elementor-section-boxed elementor-section-height-default elementor-section-height-default\" data-id=\"4888c2f\" data-element_type=\"section\" data-e-type=\"section\">\n\t\t\t\t\t\t<div class=\"elementor-container elementor-column-gap-default\">\n\t\t\t\t\t<div class=\"elementor-column elementor-col-100 elementor-top-column elementor-element elementor-element-80dc936\" data-id=\"80dc936\" data-element_type=\"column\" data-e-type=\"column\">\n\t\t\t<div class=\"elementor-widget-wrap elementor-element-populated\">\n\t\t\t\t\t\t<div class=\"elementor-element elementor-element-c5baf76 elementor-widget elementor-widget-heading\" data-id=\"c5baf76\" data-element_type=\"widget\" data-e-type=\"widget\" data-widget_type=\"heading.default\">\n\t\t\t\t<div class=\"elementor-widget-container\">\n\t\t\t\t\t<h1 class=\"elementor-heading-title elementor-size-default\">COLABORADORES OFICIALES<br><\/h1>\t\t\t\t<\/div>\n\t\t\t\t<\/div>\n\t\t\t\t\t<\/div>\n\t\t<\/div>\n\t\t\t\t\t<\/div>\n\t\t<\/section>\n\t\t\t\t<section class=\"elementor-section elementor-top-section elementor-element elementor-element-ec85516 elementor-section-boxed elementor-section-height-default elementor-section-height-default\" data-id=\"ec85516\" data-element_type=\"section\" data-e-type=\"section\">\n\t\t\t\t\t\t<div class=\"elementor-container elementor-column-gap-default\">\n\t\t\t\t\t<div class=\"elementor-column elementor-col-50 elementor-top-column elementor-element elementor-element-0016a66\" data-id=\"0016a66\" data-element_type=\"column\" data-e-type=\"column\">\n\t\t\t<div class=\"elementor-widget-wrap elementor-element-populated\">\n\t\t\t\t\t\t<div class=\"elementor-element elementor-element-e54b27d elementor-widget elementor-widget-image\" data-id=\"e54b27d\" data-element_type=\"widget\" data-e-type=\"widget\" data-widget_type=\"image.default\">\n\t\t\t\t<div class=\"elementor-widget-container\">\n\t\t\t\t\t\t\t\t\t\t\t\t\t\t\t<img loading=\"lazy\" decoding=\"async\" width=\"640\" height=\"640\" src=\"https:\/\/aliber.org\/web\/wp-content\/uploads\/2026\/02\/ColabOfic-06-1024x1024.jpeg\" class=\"attachment-large size-large wp-image-10842\" alt=\"\" srcset=\"https:\/\/aliber.org\/web\/wp-content\/uploads\/2026\/02\/ColabOfic-06-1024x1024.jpeg 1024w, https:\/\/aliber.org\/web\/wp-content\/uploads\/2026\/02\/ColabOfic-06-300x300.jpeg 300w, https:\/\/aliber.org\/web\/wp-content\/uploads\/2026\/02\/ColabOfic-06-150x150.jpeg 150w, https:\/\/aliber.org\/web\/wp-content\/uploads\/2026\/02\/ColabOfic-06-768x768.jpeg 768w, https:\/\/aliber.org\/web\/wp-content\/uploads\/2026\/02\/ColabOfic-06-250x250.jpeg 250w, https:\/\/aliber.org\/web\/wp-content\/uploads\/2026\/02\/ColabOfic-06-174x174.jpeg 174w, https:\/\/aliber.org\/web\/wp-content\/uploads\/2026\/02\/ColabOfic-06-120x120.jpeg 120w, https:\/\/aliber.org\/web\/wp-content\/uploads\/2026\/02\/ColabOfic-06.jpeg 1182w\" sizes=\"(max-width: 640px) 100vw, 640px\" \/>\t\t\t\t\t\t\t\t\t\t\t\t\t\t\t<\/div>\n\t\t\t\t<\/div>\n\t\t\t\t\t<\/div>\n\t\t<\/div>\n\t\t\t\t<div class=\"elementor-column elementor-col-50 elementor-top-column elementor-element elementor-element-2862821\" data-id=\"2862821\" data-element_type=\"column\" data-e-type=\"column\">\n\t\t\t<div class=\"elementor-widget-wrap elementor-element-populated\">\n\t\t\t\t\t\t<div class=\"elementor-element elementor-element-7987979 elementor-widget elementor-widget-text-editor\" data-id=\"7987979\" data-element_type=\"widget\" data-e-type=\"widget\" data-widget_type=\"text-editor.default\">\n\t\t\t\t<div class=\"elementor-widget-container\">\n\t\t\t\t\t\t\t\t\t<p>Una empresa biofarmac\u00e9utica global, inspirada en las necesidades de las personas que viven con enfermedades graves.<br \/>En UCB, creemos que todos merecen vivir la mejor vida posible. Por eso, como l\u00edder biofarmac\u00e9utico global, nos centramos en crear soluciones valiosas que mejoren la vida de las personas con enfermedades neurol\u00f3gicas y autoinmunes.<\/p><p>Un futuro m\u00e1s saludable y justo requiere acci\u00f3n colectiva, y creemos en ampliar nuestro impacto m\u00e1s all\u00e1 de lo que podemos lograr solos. Trabajamos estrechamente y forjamos v\u00ednculos s\u00f3lidos con diversas redes de pacientes, cuidadores, profesionales de la salud y otras partes interesadas que conocen los desaf\u00edos de las enfermedades graves.<\/p><p>Nuestro compromiso fundamental de crear soluciones sustentables y brindar medicamentos que apunten a mejorar vidas es el n\u00facleo de todo lo que hacemos, ya que vivimos nuestro prop\u00f3sito cada d\u00eda: reunir la experiencia, el talento, las herramientas y el ingenio cient\u00edfico necesarios para buscar lo que es correcto para las personas que viven con enfermedades graves y la sociedad, y tomar decisiones informadas para mejorar la equidad en la salud y minimizar nuestra huella ambiental.<\/p><p>Este proyecto cuenta con el apoyo de m\u00e1s de 9000 personas, desde nuestra sede en B\u00e9lgica y en casi 40 pa\u00edses de todo el mundo. Nuestro equipo ha vivido nuestro prop\u00f3sito d\u00eda a d\u00eda desde 1928, realizando inversiones cruciales en investigaci\u00f3n biofarmac\u00e9utica y liderando innovaciones que buscan un impacto significativo en la vida de quienes atendemos.<\/p><p><a href=\"https:\/\/www.ucb.com\/\" target=\"_blank\" rel=\"noopener\">UCB (Conozca m\u00e1s de este colaborador oficial aqu\u00ed)<\/a><\/p>\t\t\t\t\t\t\t\t<\/div>\n\t\t\t\t<\/div>\n\t\t\t\t\t<\/div>\n\t\t<\/div>\n\t\t\t\t\t<\/div>\n\t\t<\/section>\n\t\t\t\t<section class=\"elementor-section elementor-top-section elementor-element elementor-element-086baaa elementor-section-boxed elementor-section-height-default elementor-section-height-default\" data-id=\"086baaa\" data-element_type=\"section\" data-e-type=\"section\">\n\t\t\t\t\t\t<div class=\"elementor-container elementor-column-gap-default\">\n\t\t\t\t\t<div class=\"elementor-column elementor-col-50 elementor-top-column elementor-element elementor-element-7d06ba2\" data-id=\"7d06ba2\" data-element_type=\"column\" data-e-type=\"column\">\n\t\t\t<div class=\"elementor-widget-wrap elementor-element-populated\">\n\t\t\t\t\t\t<div class=\"elementor-element elementor-element-e0f5617 elementor-widget elementor-widget-text-editor\" data-id=\"e0f5617\" data-element_type=\"widget\" data-e-type=\"widget\" data-widget_type=\"text-editor.default\">\n\t\t\t\t<div class=\"elementor-widget-container\">\n\t\t\t\t\t\t\t\t\t<p>Somos una empresa biotecnol\u00f3gica l\u00edder que inventa, desarrolla y comercializa medicamentos que transforman la vida de personas con enfermedades graves. Fundada y dirigida por m\u00e9dicos cient\u00edficos, nuestra capacidad \u00fanica para traducir la ciencia a la medicina de forma repetida y consistente ha dado lugar a numerosos tratamientos aprobados y productos candidatos en desarrollo, casi todos ellos desarrollados en nuestros laboratorios. Los medicamentos y la l\u00ednea de productos de Regeneron est\u00e1n dise\u00f1ados para ayudar a pacientes con enfermedades oculares, al\u00e9rgicas e inflamatorias, c\u00e1ncer, enfermedades cardiovasculares y metab\u00f3licas, enfermedades neurol\u00f3gicas, afecciones hematol\u00f3gicas, enfermedades infecciosas y enfermedades raras.<\/p><p>Regeneron revoluciona el descubrimiento cient\u00edfico y acelera el desarrollo de f\u00e1rmacos mediante tecnolog\u00edas patentadas, como VelociSuite\u00ae , que produce anticuerpos totalmente humanos optimizados y nuevas clases de anticuerpos biespec\u00edficos. Estamos construyendo la pr\u00f3xima frontera de la medicina con informaci\u00f3n basada en datos del Regeneron Genetics Center\u00ae (RGC) y plataformas pioneras de medicina gen\u00e9tica, lo que nos permite identificar dianas innovadoras y enfoques complementarios para tratar o curar enfermedades.<\/p><p><a href=\"https:\/\/www.regeneron.com\/\" target=\"_blank\" rel=\"noopener\">REGENERON (Conozca m\u00e1s de este colaborador oficial aqu\u00ed)<\/a><\/p>\t\t\t\t\t\t\t\t<\/div>\n\t\t\t\t<\/div>\n\t\t\t\t\t<\/div>\n\t\t<\/div>\n\t\t\t\t<div class=\"elementor-column elementor-col-50 elementor-top-column elementor-element elementor-element-236ca1d\" data-id=\"236ca1d\" data-element_type=\"column\" data-e-type=\"column\">\n\t\t\t<div class=\"elementor-widget-wrap elementor-element-populated\">\n\t\t\t\t\t\t<div class=\"elementor-element elementor-element-cbd7827 elementor-widget elementor-widget-image\" data-id=\"cbd7827\" data-element_type=\"widget\" data-e-type=\"widget\" data-widget_type=\"image.default\">\n\t\t\t\t<div class=\"elementor-widget-container\">\n\t\t\t\t\t\t\t\t\t\t\t\t\t\t\t<img loading=\"lazy\" decoding=\"async\" width=\"640\" height=\"94\" src=\"https:\/\/aliber.org\/web\/wp-content\/uploads\/2026\/02\/ColabOfic-07-1024x151.jpeg\" class=\"attachment-large size-large wp-image-10846\" alt=\"\" srcset=\"https:\/\/aliber.org\/web\/wp-content\/uploads\/2026\/02\/ColabOfic-07-1024x151.jpeg 1024w, https:\/\/aliber.org\/web\/wp-content\/uploads\/2026\/02\/ColabOfic-07-300x44.jpeg 300w, https:\/\/aliber.org\/web\/wp-content\/uploads\/2026\/02\/ColabOfic-07-768x113.jpeg 768w, https:\/\/aliber.org\/web\/wp-content\/uploads\/2026\/02\/ColabOfic-07-1536x227.jpeg 1536w, https:\/\/aliber.org\/web\/wp-content\/uploads\/2026\/02\/ColabOfic-07.jpeg 1600w\" sizes=\"(max-width: 640px) 100vw, 640px\" \/>\t\t\t\t\t\t\t\t\t\t\t\t\t\t\t<\/div>\n\t\t\t\t<\/div>\n\t\t\t\t\t<\/div>\n\t\t<\/div>\n\t\t\t\t\t<\/div>\n\t\t<\/section>\n\t\t\t\t<\/div>\n\t\t","protected":false},"excerpt":{"rendered":"<p>CONSEJO CORPORATIVO IBEROAMERICANO DE ER &#8211; ALIBER \u00bfQu\u00e9 es? El Consejo Corporativo de ALIBER es una plataforma estrat\u00e9gica de di\u00e1logo y colaboraci\u00f3n entre la ALIBER y un grupo selecto de<a href=\"https:\/\/aliber.org\/web\/colaboradores-oficiales\/\">[&#8230;]<\/a><\/p>\n","protected":false},"author":1,"featured_media":0,"parent":0,"menu_order":0,"comment_status":"closed","ping_status":"closed","template":"","meta":{"_exactmetrics_skip_tracking":false,"_exactmetrics_sitenote_active":false,"_exactmetrics_sitenote_note":"","_exactmetrics_sitenote_category":0,"footnotes":""},"class_list":["post-10775","page","type-page","status-publish","hentry"],"_links":{"self":[{"href":"https:\/\/aliber.org\/web\/wp-json\/wp\/v2\/pages\/10775","targetHints":{"allow":["GET"]}}],"collection":[{"href":"https:\/\/aliber.org\/web\/wp-json\/wp\/v2\/pages"}],"about":[{"href":"https:\/\/aliber.org\/web\/wp-json\/wp\/v2\/types\/page"}],"author":[{"embeddable":true,"href":"https:\/\/aliber.org\/web\/wp-json\/wp\/v2\/users\/1"}],"replies":[{"embeddable":true,"href":"https:\/\/aliber.org\/web\/wp-json\/wp\/v2\/comments?post=10775"}],"version-history":[{"count":123,"href":"https:\/\/aliber.org\/web\/wp-json\/wp\/v2\/pages\/10775\/revisions"}],"predecessor-version":[{"id":10911,"href":"https:\/\/aliber.org\/web\/wp-json\/wp\/v2\/pages\/10775\/revisions\/10911"}],"wp:attachment":[{"href":"https:\/\/aliber.org\/web\/wp-json\/wp\/v2\/media?parent=10775"}],"curies":[{"name":"wp","href":"https:\/\/api.w.org\/{rel}","templated":true}]}}