{"id":114,"date":"2016-04-05T11:47:22","date_gmt":"2016-04-05T09:47:22","guid":{"rendered":"https:\/\/aliber.org\/web\/?page_id=114"},"modified":"2021-12-21T01:54:34","modified_gmt":"2021-12-21T00:54:34","slug":"sitemap","status":"publish","type":"page","link":"https:\/\/aliber.org\/web\/sitemap\/","title":{"rendered":"Mapa del sitio"},"content":{"rendered":"<p><strong>Sobre Aliber<\/strong><\/p>\n<div class=\"sitemap\">\n<p><a href=\"https:\/\/aliber.org\/web\/quienes-somos\/\">Quienes somos<\/a><\/p>\n<p><a href=\"https:\/\/aliber.org\/web\/staff\/\">Junta directiva<\/a><\/p>\n<p><a href=\"https:\/\/aliber.org\/web\/documentacion\/\">Documentaci\u00f3n<\/a><\/p>\n<\/div>\n<div class=\"sitemap\">\n<h3>Noticias<\/h3>\n<p><a href=\"https:\/\/aliber.org\/web\/category\/aliber\/\">ALIBER <\/a><\/p>\n<p><a href=\"https:\/\/aliber.org\/web\/category\/socios\/\">Socios<\/a><\/p>\n<\/div>\n<div class=\"sitemap\">\n<h3>Eventos<\/h3>\n<p><a href=\"https:\/\/aliber.org\/web\/calendario\/\">Calendario<\/a><\/p>\n<p><a href=\"https:\/\/aliber.org\/web\/category\/eventos\/\">Eventos<\/a><\/p>\n<p><a href=\"https:\/\/aliber.org\/web\/category\/encuentros\/\">Encuentros<\/a><\/p>\n<p><a href=\"https:\/\/aliber.org\/web\/category\/diamundialeerr\/\">D\u00eda Mundial EERR<\/a><\/p>\n<p><a href=\"https:\/\/aliber.org\/web\/galeria\/\">Galer\u00eda<\/a><\/p>\n<\/div>\n<div class=\"sitemap\">\n<h3>Socios<\/h3>\n<p><a href=\"https:\/\/aliber.org\/web\/socios\/\">Socios<\/a><\/p>\n<\/div>\n<div class=\"sitemap\">\n<h3>Otros<\/h3>\n<p><a href=\"https:\/\/aliber.org\/web\/contacto\/\">Contacto<\/a><\/p>\n<p><a href=\"https:\/\/aliber.org\/web\/aviso-legal\/\">Aviso legal<\/a><\/p>\n<p><a href=\"https:\/\/aliber.org\/web\/privacidad\/\">Privacidad<\/a><\/p>\n<\/div>\n<p>&nbsp;<\/p>\n","protected":false},"excerpt":{"rendered":"<p>Sobre Aliber Quienes somos Junta directiva Documentaci\u00f3n Noticias ALIBER Socios Eventos Calendario Eventos Encuentros D\u00eda Mundial EERR Galer\u00eda Socios Socios Otros Contacto Aviso legal Privacidad &nbsp;<\/p>\n","protected":false},"author":2,"featured_media":0,"parent":0,"menu_order":0,"comment_status":"closed","ping_status":"closed","template":"template-fullwidth.php","meta":{"_exactmetrics_skip_tracking":false,"_exactmetrics_sitenote_active":false,"_exactmetrics_sitenote_note":"","_exactmetrics_sitenote_category":0,"footnotes":""},"class_list":["post-114","page","type-page","status-publish","hentry"],"_links":{"self":[{"href":"https:\/\/aliber.org\/web\/wp-json\/wp\/v2\/pages\/114","targetHints":{"allow":["GET"]}}],"collection":[{"href":"https:\/\/aliber.org\/web\/wp-json\/wp\/v2\/pages"}],"about":[{"href":"https:\/\/aliber.org\/web\/wp-json\/wp\/v2\/types\/page"}],"author":[{"embeddable":true,"href":"https:\/\/aliber.org\/web\/wp-json\/wp\/v2\/users\/2"}],"replies":[{"embeddable":true,"href":"https:\/\/aliber.org\/web\/wp-json\/wp\/v2\/comments?post=114"}],"version-history":[{"count":2,"href":"https:\/\/aliber.org\/web\/wp-json\/wp\/v2\/pages\/114\/revisions"}],"predecessor-version":[{"id":6640,"href":"https:\/\/aliber.org\/web\/wp-json\/wp\/v2\/pages\/114\/revisions\/6640"}],"wp:attachment":[{"href":"https:\/\/aliber.org\/web\/wp-json\/wp\/v2\/media?parent=114"}],"curies":[{"name":"wp","href":"https:\/\/api.w.org\/{rel}","templated":true}]}}