{"id":5082,"date":"2020-07-07T10:06:23","date_gmt":"2020-07-07T08:06:23","guid":{"rendered":"https:\/\/aliber.org\/web\/?page_id=5082"},"modified":"2024-01-17T20:03:00","modified_gmt":"2024-01-17T19:03:00","slug":"sio-latam","status":"publish","type":"page","link":"https:\/\/aliber.org\/web\/sio-latam\/","title":{"rendered":"SIO ALIBER"},"content":{"rendered":"\t\t<div data-elementor-type=\"wp-page\" data-elementor-id=\"5082\" class=\"elementor elementor-5082\" data-elementor-post-type=\"page\">\n\t\t\t\t\t\t<section class=\"elementor-section elementor-top-section elementor-element elementor-element-7c57e424 elementor-section-full_width elementor-section-height-default elementor-section-height-default\" data-id=\"7c57e424\" data-element_type=\"section\" data-e-type=\"section\">\n\t\t\t\t\t\t<div class=\"elementor-container elementor-column-gap-default\">\n\t\t\t\t\t<div class=\"elementor-column elementor-col-100 elementor-top-column elementor-element elementor-element-c1b0689\" data-id=\"c1b0689\" data-element_type=\"column\" data-e-type=\"column\">\n\t\t\t<div class=\"elementor-widget-wrap\">\n\t\t\t\t\t\t\t<\/div>\n\t\t<\/div>\n\t\t\t\t\t<\/div>\n\t\t<\/section>\n\t\t\t\t<section class=\"elementor-section elementor-top-section elementor-element elementor-element-06debf8 elementor-section-boxed elementor-section-height-default elementor-section-height-default\" data-id=\"06debf8\" data-element_type=\"section\" data-e-type=\"section\">\n\t\t\t\t\t\t<div class=\"elementor-container elementor-column-gap-default\">\n\t\t\t\t\t<div class=\"elementor-column elementor-col-50 elementor-top-column elementor-element elementor-element-847a0fd\" data-id=\"847a0fd\" data-element_type=\"column\" data-e-type=\"column\" data-settings=\"{&quot;background_background&quot;:&quot;slideshow&quot;,&quot;background_slideshow_gallery&quot;:[],&quot;background_slideshow_loop&quot;:&quot;yes&quot;,&quot;background_slideshow_slide_duration&quot;:5000,&quot;background_slideshow_slide_transition&quot;:&quot;fade&quot;,&quot;background_slideshow_transition_duration&quot;:500}\">\n\t\t\t<div class=\"elementor-widget-wrap elementor-element-populated\">\n\t\t\t\t\t\t<div class=\"elementor-element elementor-element-2d43a5c elementor-widget elementor-widget-image\" data-id=\"2d43a5c\" data-element_type=\"widget\" data-e-type=\"widget\" data-widget_type=\"image.default\">\n\t\t\t\t<div class=\"elementor-widget-container\">\n\t\t\t\t\t\t\t\t\t\t\t\t\t\t\t<img fetchpriority=\"high\" decoding=\"async\" width=\"640\" height=\"640\" src=\"https:\/\/aliber.org\/web\/wp-content\/uploads\/2023\/11\/ALIBER-1024x1024.jpeg\" class=\"attachment-large size-large wp-image-8547\" alt=\"\" srcset=\"https:\/\/aliber.org\/web\/wp-content\/uploads\/2023\/11\/ALIBER-1024x1024.jpeg 1024w, https:\/\/aliber.org\/web\/wp-content\/uploads\/2023\/11\/ALIBER-300x300.jpeg 300w, https:\/\/aliber.org\/web\/wp-content\/uploads\/2023\/11\/ALIBER-150x150.jpeg 150w, https:\/\/aliber.org\/web\/wp-content\/uploads\/2023\/11\/ALIBER-768x768.jpeg 768w, https:\/\/aliber.org\/web\/wp-content\/uploads\/2023\/11\/ALIBER-250x250.jpeg 250w, https:\/\/aliber.org\/web\/wp-content\/uploads\/2023\/11\/ALIBER-174x174.jpeg 174w, https:\/\/aliber.org\/web\/wp-content\/uploads\/2023\/11\/ALIBER-120x120.jpeg 120w, https:\/\/aliber.org\/web\/wp-content\/uploads\/2023\/11\/ALIBER.jpeg 1358w\" sizes=\"(max-width: 640px) 100vw, 640px\" \/>\t\t\t\t\t\t\t\t\t\t\t\t\t\t\t<\/div>\n\t\t\t\t<\/div>\n\t\t\t\t\t<\/div>\n\t\t<\/div>\n\t\t\t\t<div class=\"elementor-column elementor-col-50 elementor-top-column elementor-element elementor-element-adf79c5\" data-id=\"adf79c5\" data-element_type=\"column\" data-e-type=\"column\">\n\t\t\t<div class=\"elementor-widget-wrap elementor-element-populated\">\n\t\t\t\t\t\t<div class=\"elementor-element elementor-element-64996c9 elementor-widget elementor-widget-heading\" data-id=\"64996c9\" data-element_type=\"widget\" data-e-type=\"widget\" data-widget_type=\"heading.default\">\n\t\t\t\t<div class=\"elementor-widget-container\">\n\t\t\t\t\t<h2 class=\"elementor-heading-title elementor-size-default\">\n<span><b>\u00bfQU\u00c9 ES EL SIO ALIBER?<\/b><\/span><\/h2>\t\t\t\t<\/div>\n\t\t\t\t<\/div>\n\t\t\t\t<div class=\"elementor-element elementor-element-4d75d7b elementor-widget elementor-widget-text-editor\" data-id=\"4d75d7b\" data-element_type=\"widget\" data-e-type=\"widget\" data-widget_type=\"text-editor.default\">\n\t\t\t\t<div class=\"elementor-widget-container\">\n\t\t\t\t\t\t\t\t\t<b>SIO ALIBER<\/b> Son las siglas del Servicio de Informaci\u00f3n y Orientaci\u00f3n en Latinoam\u00e9rica. Este Recurso de Informaci\u00f3n y Orientaci\u00f3n est\u00e1 a disposici\u00f3n de cualquier persona, ya sea:\n<ol>\n \t<li><span style=\"color: var( --e-global-color-text ); font-weight: var( --e-global-typography-text-font-weight );\">Personas con una <\/span><span style=\"color: var( --e-global-color-text );\"><b>Enfermedad Rara<\/b><\/span><span style=\"color: var( --e-global-color-text ); font-weight: var( --e-global-typography-text-font-weight );\">, Hu\u00e9rfana o Poco Frecuente<\/span><\/li>\n \t<li><span style=\"color: var( --e-global-color-text ); font-weight: var( --e-global-typography-text-font-weight );\">Personas sin diagn\u00f3stico claro<\/span><\/li>\n \t<li><span style=\"color: var( --e-global-color-text ); font-weight: var( --e-global-typography-text-font-weight );\">Familiares de personas con Enfermedades poco frecuentes<\/span><\/li>\n \t<li><span style=\"color: var( --e-global-color-text ); font-weight: var( --e-global-typography-text-font-weight );\">Profesionales del sector cl\u00ednico, social, educativo o de la investigaci\u00f3n<\/span><\/li>\n \t<li><span style=\"color: var( --e-global-color-text ); font-weight: var( --e-global-typography-text-font-weight );\">Industria farmac\u00e9utica<\/span><\/li>\n \t<li><span style=\"color: var( --e-global-color-text ); font-weight: var( --e-global-typography-text-font-weight );\">Asociaciones de pacientes<\/span><\/li>\n \t<li><span style=\"color: var( --e-global-color-text ); font-weight: var( --e-global-typography-text-font-weight );\">Agentes pol\u00edticos<\/span><\/li>\n<\/ol>\nActualmente no hay un Servicio de estas caracter\u00edsticas para toda Latinoam\u00e9rica, convirti\u00e9ndose el <b>SIO ALIBER<\/b> por tanto en un Servicio \u00danico de Informaci\u00f3n y Orientaci\u00f3n sobre <b>Enfermedades Raras<\/b>, Hu\u00e9rfanas o Poco Frecuentes en Latinoam\u00e9rica.\t\t\t\t\t\t\t\t<\/div>\n\t\t\t\t<\/div>\n\t\t\t\t\t<\/div>\n\t\t<\/div>\n\t\t\t\t\t<\/div>\n\t\t<\/section>\n\t\t\t\t<section class=\"elementor-section elementor-top-section elementor-element elementor-element-9624b74 elementor-section-boxed elementor-section-height-default elementor-section-height-default\" data-id=\"9624b74\" data-element_type=\"section\" data-e-type=\"section\">\n\t\t\t\t\t\t<div class=\"elementor-container elementor-column-gap-default\">\n\t\t\t\t\t<div class=\"elementor-column elementor-col-50 elementor-top-column elementor-element elementor-element-229c064\" data-id=\"229c064\" data-element_type=\"column\" data-e-type=\"column\">\n\t\t\t<div class=\"elementor-widget-wrap elementor-element-populated\">\n\t\t\t\t\t\t<div class=\"elementor-element elementor-element-1a388bd elementor-widget elementor-widget-heading\" data-id=\"1a388bd\" data-element_type=\"widget\" data-e-type=\"widget\" data-widget_type=\"heading.default\">\n\t\t\t\t<div class=\"elementor-widget-container\">\n\t\t\t\t\t<h2 class=\"elementor-heading-title elementor-size-default\"><span><b>\u00bfCU\u00c1L ES EL OBJETIVO DEL SIO ALIBER?<\/b><\/span><\/h2>\t\t\t\t<\/div>\n\t\t\t\t<\/div>\n\t\t\t\t<div class=\"elementor-element elementor-element-6e4f4e2 elementor-widget elementor-widget-text-editor\" data-id=\"6e4f4e2\" data-element_type=\"widget\" data-e-type=\"widget\" data-widget_type=\"text-editor.default\">\n\t\t\t\t<div class=\"elementor-widget-container\">\n\t\t\t\t\t\t\t\t\tSu <b>objetivo principal <\/b>es Mejorar la calidad de vida de las personas afectadas por <b>Enfermedades <\/b>Poco Frecuentes en Latinoam\u00e9rica.\n\nLa desinformaci\u00f3n en materia de <b>Enfermedades Raras <\/b>es muy frecuente debido a la baja prevalencia de cada una de las <b>Enfermedades<\/b>, por lo que ofrecer un Servicio en donde encontrar respuesta a las diferentes inquietudes y necesidades informativas que surgen ante el padecimiento de una <b>Enfermedad Rara <\/b>es nuestro reto con este Servicio.\n\nPor otro lado, nos planteamos el fomento de la creaci\u00f3n de redes de personas que comparten la misma patolog\u00eda, as\u00ed como de redes entre personas afectadas, familiares y profesionales.\n<div><\/div>\t\t\t\t\t\t\t\t<\/div>\n\t\t\t\t<\/div>\n\t\t\t\t\t<\/div>\n\t\t<\/div>\n\t\t\t\t<div class=\"elementor-column elementor-col-50 elementor-top-column elementor-element elementor-element-7068e38\" data-id=\"7068e38\" data-element_type=\"column\" data-e-type=\"column\">\n\t\t\t<div class=\"elementor-widget-wrap elementor-element-populated\">\n\t\t\t\t\t\t<div class=\"elementor-element elementor-element-f76bf74 elementor-widget elementor-widget-image\" data-id=\"f76bf74\" data-element_type=\"widget\" data-e-type=\"widget\" data-widget_type=\"image.default\">\n\t\t\t\t<div class=\"elementor-widget-container\">\n\t\t\t\t\t\t\t\t\t\t\t\t\t\t\t<img decoding=\"async\" src=\"https:\/\/aliber.org\/web\/wp-content\/uploads\/2020\/09\/objetivo-general-e1576544846604.jpg\" title=\"\" alt=\"\" loading=\"lazy\" \/>\t\t\t\t\t\t\t\t\t\t\t\t\t\t\t<\/div>\n\t\t\t\t<\/div>\n\t\t\t\t\t<\/div>\n\t\t<\/div>\n\t\t\t\t\t<\/div>\n\t\t<\/section>\n\t\t\t\t<section class=\"elementor-section elementor-top-section elementor-element elementor-element-83c8250 elementor-section-boxed elementor-section-height-default elementor-section-height-default\" data-id=\"83c8250\" data-element_type=\"section\" data-e-type=\"section\">\n\t\t\t\t\t\t<div class=\"elementor-container elementor-column-gap-default\">\n\t\t\t\t\t<div class=\"elementor-column elementor-col-50 elementor-top-column elementor-element elementor-element-e57916e\" data-id=\"e57916e\" data-element_type=\"column\" data-e-type=\"column\">\n\t\t\t<div class=\"elementor-widget-wrap elementor-element-populated\">\n\t\t\t\t\t\t<div class=\"elementor-element elementor-element-d4fb275 elementor-widget elementor-widget-image\" data-id=\"d4fb275\" data-element_type=\"widget\" data-e-type=\"widget\" data-widget_type=\"image.default\">\n\t\t\t\t<div class=\"elementor-widget-container\">\n\t\t\t\t\t\t\t\t\t\t\t\t\t\t\t<img decoding=\"async\" src=\"https:\/\/aliber.org\/web\/wp-content\/uploads\/2020\/05\/dibujo_MML.jpg\" title=\"\" alt=\"\" loading=\"lazy\" \/>\t\t\t\t\t\t\t\t\t\t\t\t\t\t\t<\/div>\n\t\t\t\t<\/div>\n\t\t\t\t\t<\/div>\n\t\t<\/div>\n\t\t\t\t<div class=\"elementor-column elementor-col-50 elementor-top-column elementor-element elementor-element-7d5b594\" data-id=\"7d5b594\" data-element_type=\"column\" data-e-type=\"column\">\n\t\t\t<div class=\"elementor-widget-wrap elementor-element-populated\">\n\t\t\t\t\t\t<div class=\"elementor-element elementor-element-7f06818 elementor-widget elementor-widget-heading\" data-id=\"7f06818\" data-element_type=\"widget\" data-e-type=\"widget\" data-widget_type=\"heading.default\">\n\t\t\t\t<div class=\"elementor-widget-container\">\n\t\t\t\t\t<h2 class=\"elementor-heading-title elementor-size-default\"><span><b>\u00bfC\u00d3MO LO HACEMOS POSIBLE?<\/b><\/span><\/h2>\t\t\t\t<\/div>\n\t\t\t\t<\/div>\n\t\t\t\t<div class=\"elementor-element elementor-element-04ecf2c elementor-widget elementor-widget-text-editor\" data-id=\"04ecf2c\" data-element_type=\"widget\" data-e-type=\"widget\" data-widget_type=\"text-editor.default\">\n\t\t\t\t<div class=\"elementor-widget-container\">\n\t\t\t\t\t\t\t\t\tDesde <b>ALIBER <\/b>hemos realizado una b\u00fasqueda de recursos tales como: centros de referencia y\/o experiencia, profesionales, entidades de <b>enfermedades raras<\/b>, hu\u00e9rfanas o poco frecuentes, ensayos cl\u00ednicos de enfermedades, centros de inter\u00e9s por patolog\u00edas, etc. en los diferentes pa\u00edses Latinoamericanos.\n\nEsta informaci\u00f3n, ha ido nutriendo nuestra base de datos, para que cada vez que nos llegue una consulta podamos ofrecerle toda la informaci\u00f3n al respecto.\n\nAdem\u00e1s, nos servimos de un comit\u00e9 de expertos formado por un Equipo Interdisciplinar con especialidades tales como: m\u00e9dicos, psic\u00f3logos, trabajadores sociales, enfermeras, abogados, etc., a quien se derivan algunas de las consultas para que puedan aportar su conocimiento al respecto e integrar de esta forma la respuesta m\u00e1s adecuada a la solicitud que nos plantean.\t\t\t\t\t\t\t\t<\/div>\n\t\t\t\t<\/div>\n\t\t\t\t\t<\/div>\n\t\t<\/div>\n\t\t\t\t\t<\/div>\n\t\t<\/section>\n\t\t\t\t<section class=\"elementor-section elementor-top-section elementor-element elementor-element-18726fd elementor-section-boxed elementor-section-height-default elementor-section-height-default\" data-id=\"18726fd\" data-element_type=\"section\" data-e-type=\"section\">\n\t\t\t\t\t\t<div class=\"elementor-container elementor-column-gap-default\">\n\t\t\t\t\t<div class=\"elementor-column elementor-col-50 elementor-top-column elementor-element elementor-element-10b628b\" data-id=\"10b628b\" data-element_type=\"column\" data-e-type=\"column\">\n\t\t\t<div class=\"elementor-widget-wrap elementor-element-populated\">\n\t\t\t\t\t\t<div class=\"elementor-element elementor-element-e669c1f elementor-widget elementor-widget-heading\" data-id=\"e669c1f\" data-element_type=\"widget\" data-e-type=\"widget\" data-widget_type=\"heading.default\">\n\t\t\t\t<div class=\"elementor-widget-container\">\n\t\t\t\t\t<h2 class=\"elementor-heading-title elementor-size-default\"><span><b>\u00bfC\u00d3MO PODEMOS CONTACTAR CON ESTE SERVICIO?<\/b><\/span><\/h2>\t\t\t\t<\/div>\n\t\t\t\t<\/div>\n\t\t\t\t<div class=\"elementor-element elementor-element-8152d8d elementor-widget elementor-widget-text-editor\" data-id=\"8152d8d\" data-element_type=\"widget\" data-e-type=\"widget\" data-widget_type=\"text-editor.default\">\n\t\t\t\t<div class=\"elementor-widget-container\">\n\t\t\t\t\t\t\t\t\t<p style=\"text-align: center;\">Es muy f\u00e1cil, pues utilizar los siguientes medios:<\/p>\n\n\n<p style=\"text-align: center;\">\n* Escr\u00edbenos al mail: <strong><span style=\"color: #0000ff;\">sio@aliber.org<\/span><\/strong><\/p>\t\t\t\t\t\t\t\t<\/div>\n\t\t\t\t<\/div>\n\t\t\t\t\t<\/div>\n\t\t<\/div>\n\t\t\t\t<div class=\"elementor-column elementor-col-50 elementor-top-column elementor-element elementor-element-0c028c0\" data-id=\"0c028c0\" data-element_type=\"column\" data-e-type=\"column\">\n\t\t\t<div class=\"elementor-widget-wrap elementor-element-populated\">\n\t\t\t\t\t\t<div class=\"elementor-element elementor-element-bc24810 elementor-widget elementor-widget-heading\" data-id=\"bc24810\" data-element_type=\"widget\" data-e-type=\"widget\" data-widget_type=\"heading.default\">\n\t\t\t\t<div class=\"elementor-widget-container\">\n\t\t\t\t\t<h2 class=\"elementor-heading-title elementor-size-default\"><span><b>\u00bfQU\u00c9 COSTO TIENE EL SERVICIO?<\/b><\/span><\/h2>\t\t\t\t<\/div>\n\t\t\t\t<\/div>\n\t\t\t\t<div class=\"elementor-element elementor-element-07d8e7e elementor-widget elementor-widget-text-editor\" data-id=\"07d8e7e\" data-element_type=\"widget\" data-e-type=\"widget\" data-widget_type=\"text-editor.default\">\n\t\t\t\t<div class=\"elementor-widget-container\">\n\t\t\t\t\t\t\t\t\tEste es un <b>Servicio Gratuito<\/b> sufragado con fondos de <b>ALIBER <\/b>(Alianza Iberoamericana de <b>Enfermedades Raras<\/b>, Hu\u00e9rfanas o Poco Frecuentes).\n<div><\/div>\t\t\t\t\t\t\t\t<\/div>\n\t\t\t\t<\/div>\n\t\t\t\t\t<\/div>\n\t\t<\/div>\n\t\t\t\t\t<\/div>\n\t\t<\/section>\n\t\t\t\t<section class=\"elementor-section elementor-top-section elementor-element elementor-element-1b65722 elementor-section-boxed elementor-section-height-default elementor-section-height-default\" data-id=\"1b65722\" data-element_type=\"section\" data-e-type=\"section\">\n\t\t\t\t\t\t\t<div class=\"elementor-background-overlay\"><\/div>\n\t\t\t\t\t\t\t<div class=\"elementor-container elementor-column-gap-default\">\n\t\t\t\t\t<div class=\"elementor-column elementor-col-100 elementor-top-column elementor-element elementor-element-9835ebc\" data-id=\"9835ebc\" data-element_type=\"column\" data-e-type=\"column\">\n\t\t\t<div class=\"elementor-widget-wrap elementor-element-populated\">\n\t\t\t\t\t\t<div class=\"elementor-element elementor-element-d9ae54b elementor-widget elementor-widget-text-editor\" data-id=\"d9ae54b\" data-element_type=\"widget\" data-e-type=\"widget\" data-widget_type=\"text-editor.default\">\n\t\t\t\t<div class=\"elementor-widget-container\">\n\t\t\t\t\t\t\t\t\t<b>ALIANZA IBEROAMERICANA DE ENFERMEDADES RARAS, HU\u00c9RFANAS O POCO FRECUENTES (ALIBER)<b> tratar\u00e1 sus datos personales para dar respuesta a su solicitud de alta como usuario o usuarios del servicio SIO.\u00a0<\/b><\/b>\n\n<b><b>Puede ejercer sus derechos de acceso, rectificaci\u00f3n, supresi\u00f3n y portabilidad de sus datos, de limitaci\u00f3n y oposici\u00f3n a su tratamiento, as\u00ed como a no ser objeto de decisiones basadas \u00fanicamente en el tratamiento automatizado de sus datos, cuando procedan, en la direcci\u00f3n de correo electr\u00f3nico direccion@aliber.org<\/b><\/b>\n\n<b><b>Le recomendamos que lea la <\/b><\/b><a href=\"https:\/\/aliber.org\/web\/privacidad\/\" target=\"_blank\" rel=\"noopener\">pol\u00edtica de privacidad<\/a> <b><b>antes de proporcionarnos sus datos personales.\n<\/b><\/b>\n\n<input id=\"check\" name=\"check\" type=\"checkbox\" value=\"1\" \/> He le\u00eddo y acepto las condiciones de la \u201cpol\u00edtica de privacidad\u201d\n<div id=\"content\"><\/div>\t\t\t\t\t\t\t\t<\/div>\n\t\t\t\t<\/div>\n\t\t\t\t\t<\/div>\n\t\t<\/div>\n\t\t\t\t\t<\/div>\n\t\t<\/section>\n\t\t\t\t<section class=\"elementor-section elementor-top-section elementor-element elementor-element-d768141 elementor-section-boxed elementor-section-height-default elementor-section-height-default\" data-id=\"d768141\" data-element_type=\"section\" data-e-type=\"section\">\n\t\t\t\t\t\t<div class=\"elementor-container elementor-column-gap-default\">\n\t\t\t\t\t<div class=\"elementor-column elementor-col-100 elementor-top-column elementor-element elementor-element-cbbde1d\" data-id=\"cbbde1d\" data-element_type=\"column\" data-e-type=\"column\">\n\t\t\t<div class=\"elementor-widget-wrap elementor-element-populated\">\n\t\t\t\t\t\t<div class=\"elementor-element elementor-element-f319357 elementor-headline--style-highlight elementor-widget elementor-widget-animated-headline\" data-id=\"f319357\" data-element_type=\"widget\" data-e-type=\"widget\" data-settings=\"{&quot;highlighted_text&quot;:&quot;aqu\\u00ed&quot;,&quot;headline_style&quot;:&quot;highlight&quot;,&quot;marker&quot;:&quot;circle&quot;,&quot;loop&quot;:&quot;yes&quot;,&quot;highlight_animation_duration&quot;:1200,&quot;highlight_iteration_delay&quot;:8000}\" data-widget_type=\"animated-headline.default\">\n\t\t\t\t<div class=\"elementor-widget-container\">\n\t\t\t\t\t\t\t\t<a href=\"https:\/\/consentimientos.aliber.org\/\">\n\n\t\t\t\t\t<h1 class=\"elementor-headline\">\n\t\t\t\t\t<span class=\"elementor-headline-plain-text elementor-headline-text-wrapper\">Haga click<\/span>\n\t\t\t\t<span class=\"elementor-headline-dynamic-wrapper elementor-headline-text-wrapper\">\n\t\t\t\t\t<span class=\"elementor-headline-dynamic-text elementor-headline-text-active\">aqu\u00ed<\/span>\n\t\t\t\t<\/span>\n\t\t\t\t\t<span class=\"elementor-headline-plain-text elementor-headline-text-wrapper\">e inicie su proceso de orientaci\u00f3n<\/span>\n\t\t\t\t\t<\/h1>\n\t\t<\/a>\t\t\t\t<\/div>\n\t\t\t\t<\/div>\n\t\t\t\t\t<\/div>\n\t\t<\/div>\n\t\t\t\t\t<\/div>\n\t\t<\/section>\n\t\t\t\t<\/div>\n\t\t","protected":false},"excerpt":{"rendered":"<p>\u00bfQU\u00c9 ES EL SIO ALIBER? SIO ALIBER Son las siglas del Servicio de Informaci\u00f3n y Orientaci\u00f3n en Latinoam\u00e9rica. Este Recurso de Informaci\u00f3n y Orientaci\u00f3n est\u00e1 a disposici\u00f3n de cualquier persona,<a href=\"https:\/\/aliber.org\/web\/sio-latam\/\">[&#8230;]<\/a><\/p>\n","protected":false},"author":2,"featured_media":0,"parent":0,"menu_order":0,"comment_status":"closed","ping_status":"closed","template":"","meta":{"_exactmetrics_skip_tracking":false,"_exactmetrics_sitenote_active":false,"_exactmetrics_sitenote_note":"","_exactmetrics_sitenote_category":0,"footnotes":""},"class_list":["post-5082","page","type-page","status-publish","hentry"],"_links":{"self":[{"href":"https:\/\/aliber.org\/web\/wp-json\/wp\/v2\/pages\/5082","targetHints":{"allow":["GET"]}}],"collection":[{"href":"https:\/\/aliber.org\/web\/wp-json\/wp\/v2\/pages"}],"about":[{"href":"https:\/\/aliber.org\/web\/wp-json\/wp\/v2\/types\/page"}],"author":[{"embeddable":true,"href":"https:\/\/aliber.org\/web\/wp-json\/wp\/v2\/users\/2"}],"replies":[{"embeddable":true,"href":"https:\/\/aliber.org\/web\/wp-json\/wp\/v2\/comments?post=5082"}],"version-history":[{"count":70,"href":"https:\/\/aliber.org\/web\/wp-json\/wp\/v2\/pages\/5082\/revisions"}],"predecessor-version":[{"id":10777,"href":"https:\/\/aliber.org\/web\/wp-json\/wp\/v2\/pages\/5082\/revisions\/10777"}],"wp:attachment":[{"href":"https:\/\/aliber.org\/web\/wp-json\/wp\/v2\/media?parent=5082"}],"curies":[{"name":"wp","href":"https:\/\/api.w.org\/{rel}","templated":true}]}}