{"id":5380,"date":"2020-09-24T05:00:17","date_gmt":"2020-09-24T03:00:17","guid":{"rendered":"https:\/\/aliber.org\/web\/?page_id=5380"},"modified":"2022-01-18T20:36:37","modified_gmt":"2022-01-18T19:36:37","slug":"recursos-covid-19","status":"publish","type":"page","link":"https:\/\/aliber.org\/web\/recursos-covid-19\/","title":{"rendered":"RECURSOS COVID-19"},"content":{"rendered":"\t\t<div data-elementor-type=\"wp-page\" data-elementor-id=\"5380\" class=\"elementor elementor-5380\" data-elementor-post-type=\"page\">\n\t\t\t\t\t\t<section class=\"elementor-section elementor-top-section elementor-element elementor-element-0f70884 elementor-section-boxed elementor-section-height-default elementor-section-height-default\" data-id=\"0f70884\" data-element_type=\"section\" data-e-type=\"section\">\n\t\t\t\t\t\t<div class=\"elementor-container elementor-column-gap-default\">\n\t\t\t\t\t<div class=\"elementor-column elementor-col-100 elementor-top-column elementor-element elementor-element-63bbeca\" data-id=\"63bbeca\" data-element_type=\"column\" data-e-type=\"column\">\n\t\t\t<div class=\"elementor-widget-wrap elementor-element-populated\">\n\t\t\t\t\t\t<div class=\"elementor-element elementor-element-4bf00c4 elementor-widget elementor-widget-heading\" data-id=\"4bf00c4\" data-element_type=\"widget\" data-e-type=\"widget\" data-widget_type=\"heading.default\">\n\t\t\t\t<div class=\"elementor-widget-container\">\n\t\t\t\t\t<h2 class=\"elementor-heading-title elementor-size-default\"><p class=\"MsoNormal\"><strong><span lang=\"ES\" style=\"font-size:14.0pt;line-height:107%;,sans-serif;color:#0000CC\">Acceda a recursos en l\u00ednea elaborados por organizaciones que\ntrabajan para apoyar a la comunidad de enfermedades raras a trav\u00e9s de la\npandemia COVID-19.<\/span><\/strong><\/p><\/h2>\t\t\t\t<\/div>\n\t\t\t\t<\/div>\n\t\t\t\t\t<\/div>\n\t\t<\/div>\n\t\t\t\t\t<\/div>\n\t\t<\/section>\n\t\t\t\t<section class=\"elementor-section elementor-top-section elementor-element elementor-element-118d663 elementor-section-boxed elementor-section-height-default elementor-section-height-default\" data-id=\"118d663\" data-element_type=\"section\" data-e-type=\"section\">\n\t\t\t\t\t\t<div class=\"elementor-container elementor-column-gap-default\">\n\t\t\t\t\t<div class=\"elementor-column elementor-col-100 elementor-top-column elementor-element elementor-element-2df8f91\" data-id=\"2df8f91\" data-element_type=\"column\" data-e-type=\"column\">\n\t\t\t<div class=\"elementor-widget-wrap elementor-element-populated\">\n\t\t\t\t\t\t<div class=\"elementor-element elementor-element-8db0dd6 elementor-widget elementor-widget-image\" data-id=\"8db0dd6\" data-element_type=\"widget\" data-e-type=\"widget\" data-widget_type=\"image.default\">\n\t\t\t\t<div class=\"elementor-widget-container\">\n\t\t\t\t\t\t\t\t\t\t\t\t\t\t\t<img decoding=\"async\" src=\"https:\/\/aliber.org\/web\/wp-content\/uploads\/2020\/11\/images.jpeg\" title=\"\" alt=\"\" loading=\"lazy\" \/>\t\t\t\t\t\t\t\t\t\t\t\t\t\t\t<\/div>\n\t\t\t\t<\/div>\n\t\t\t\t\t<\/div>\n\t\t<\/div>\n\t\t\t\t\t<\/div>\n\t\t<\/section>\n\t\t\t\t<section class=\"elementor-section elementor-top-section elementor-element elementor-element-9b5bfb5 elementor-section-boxed elementor-section-height-default elementor-section-height-default\" data-id=\"9b5bfb5\" data-element_type=\"section\" data-e-type=\"section\">\n\t\t\t\t\t\t<div class=\"elementor-container elementor-column-gap-default\">\n\t\t\t\t\t<div class=\"elementor-column elementor-col-100 elementor-top-column elementor-element elementor-element-2095de2\" data-id=\"2095de2\" data-element_type=\"column\" data-e-type=\"column\">\n\t\t\t<div class=\"elementor-widget-wrap elementor-element-populated\">\n\t\t\t\t\t\t<div class=\"elementor-element elementor-element-9ba3384 elementor-widget elementor-widget-text-editor\" data-id=\"9ba3384\" data-element_type=\"widget\" data-e-type=\"widget\" data-widget_type=\"text-editor.default\">\n\t\t\t\t<div class=\"elementor-widget-container\">\n\t\t\t\t\t\t\t\t\t<p><span style=\"color: #29176f;\"><a style=\"color: #29176f;\" href=\"https:\/\/aliber.org\/web\/wp-content\/uploads\/2020\/11\/Declaracion-RDI.pdf\" target=\"_blank\" rel=\"noopener\"><strong>Lea la declaraci\u00f3n de RDI aqui<\/strong><\/a><\/span><\/p>\t\t\t\t\t\t\t\t<\/div>\n\t\t\t\t<\/div>\n\t\t\t\t\t<\/div>\n\t\t<\/div>\n\t\t\t\t\t<\/div>\n\t\t<\/section>\n\t\t\t\t<section class=\"elementor-section elementor-top-section elementor-element elementor-element-724ee71 elementor-section-boxed elementor-section-height-default elementor-section-height-default\" data-id=\"724ee71\" data-element_type=\"section\" data-e-type=\"section\">\n\t\t\t\t\t\t<div class=\"elementor-container elementor-column-gap-default\">\n\t\t\t\t\t<div class=\"elementor-column elementor-col-100 elementor-top-column elementor-element elementor-element-5e735bf\" data-id=\"5e735bf\" data-element_type=\"column\" data-e-type=\"column\">\n\t\t\t<div class=\"elementor-widget-wrap elementor-element-populated\">\n\t\t\t\t\t\t<div class=\"elementor-element elementor-element-8183db5 elementor-widget elementor-widget-text-editor\" data-id=\"8183db5\" data-element_type=\"widget\" data-e-type=\"widget\" data-widget_type=\"text-editor.default\">\n\t\t\t\t<div class=\"elementor-widget-container\">\n\t\t\t\t\t\t\t\t\t<span lang=\"ES\" style=\"color: #29176f;\"><b><a style=\"color: #29176f;\" href=\"https:\/\/www.rarediseasesinternational.org\/wp-content\/uploads\/2020\/07\/COVID-statement-in-Spanish.pdf\" target=\"_blank\" rel=\"noopener\">Leer comunicado en espa\u00f1ol, traducido por Federaci\u00f3n de Enfermedades Poco Frecuentes Chile (Fenpof Chile)<\/a><\/b><\/span>\t\t\t\t\t\t\t\t<\/div>\n\t\t\t\t<\/div>\n\t\t\t\t\t<\/div>\n\t\t<\/div>\n\t\t\t\t\t<\/div>\n\t\t<\/section>\n\t\t\t\t<section class=\"elementor-section elementor-top-section elementor-element elementor-element-b29cf85 elementor-section-boxed elementor-section-height-default elementor-section-height-default\" data-id=\"b29cf85\" data-element_type=\"section\" data-e-type=\"section\">\n\t\t\t\t\t\t<div class=\"elementor-container elementor-column-gap-default\">\n\t\t\t\t\t<div class=\"elementor-column elementor-col-100 elementor-top-column elementor-element elementor-element-cd3277c\" data-id=\"cd3277c\" data-element_type=\"column\" data-e-type=\"column\">\n\t\t\t<div class=\"elementor-widget-wrap elementor-element-populated\">\n\t\t\t\t\t\t<div class=\"elementor-element elementor-element-5b67c44 elementor-widget elementor-widget-heading\" data-id=\"5b67c44\" data-element_type=\"widget\" data-e-type=\"widget\" data-widget_type=\"heading.default\">\n\t\t\t\t<div class=\"elementor-widget-container\">\n\t\t\t\t\t<h2 class=\"elementor-heading-title elementor-size-default\">DOCUMENTOS ELABORADOS POR ALIANZAS REGIONALES DE ENFERMEDADES RARAS<\/h2>\t\t\t\t<\/div>\n\t\t\t\t<\/div>\n\t\t\t\t\t<\/div>\n\t\t<\/div>\n\t\t\t\t\t<\/div>\n\t\t<\/section>\n\t\t\t\t<section class=\"elementor-section elementor-top-section elementor-element elementor-element-b066f94 elementor-section-boxed elementor-section-height-default elementor-section-height-default\" data-id=\"b066f94\" data-element_type=\"section\" data-e-type=\"section\">\n\t\t\t\t\t\t<div class=\"elementor-container elementor-column-gap-default\">\n\t\t\t\t\t<div class=\"elementor-column elementor-col-100 elementor-top-column elementor-element elementor-element-73e5a4a\" data-id=\"73e5a4a\" data-element_type=\"column\" data-e-type=\"column\">\n\t\t\t<div class=\"elementor-widget-wrap elementor-element-populated\">\n\t\t\t\t\t\t<div class=\"elementor-element elementor-element-a6b27cc elementor-widget elementor-widget-image\" data-id=\"a6b27cc\" data-element_type=\"widget\" data-e-type=\"widget\" data-widget_type=\"image.default\">\n\t\t\t\t<div class=\"elementor-widget-container\">\n\t\t\t\t\t\t\t\t\t\t\t\t\t\t\t<img decoding=\"async\" width=\"150\" height=\"150\" src=\"https:\/\/aliber.org\/web\/wp-content\/uploads\/2022\/01\/logo-Eurordis-vertical-RGB-768x1006-1-150x150.png\" class=\"attachment-thumbnail size-thumbnail wp-image-6844\" alt=\"\" srcset=\"https:\/\/aliber.org\/web\/wp-content\/uploads\/2022\/01\/logo-Eurordis-vertical-RGB-768x1006-1-150x150.png 150w, https:\/\/aliber.org\/web\/wp-content\/uploads\/2022\/01\/logo-Eurordis-vertical-RGB-768x1006-1-250x250.png 250w, https:\/\/aliber.org\/web\/wp-content\/uploads\/2022\/01\/logo-Eurordis-vertical-RGB-768x1006-1-174x174.png 174w, https:\/\/aliber.org\/web\/wp-content\/uploads\/2022\/01\/logo-Eurordis-vertical-RGB-768x1006-1-120x120.png 120w\" sizes=\"(max-width: 150px) 100vw, 150px\" \/>\t\t\t\t\t\t\t\t\t\t\t\t\t\t\t<\/div>\n\t\t\t\t<\/div>\n\t\t\t\t\t<\/div>\n\t\t<\/div>\n\t\t\t\t\t<\/div>\n\t\t<\/section>\n\t\t\t\t<section class=\"elementor-section elementor-top-section elementor-element elementor-element-b91a5b4 elementor-section-boxed elementor-section-height-default elementor-section-height-default\" data-id=\"b91a5b4\" data-element_type=\"section\" data-e-type=\"section\">\n\t\t\t\t\t\t<div class=\"elementor-container elementor-column-gap-default\">\n\t\t\t\t\t<div class=\"elementor-column elementor-col-100 elementor-top-column elementor-element elementor-element-e020ce2\" data-id=\"e020ce2\" data-element_type=\"column\" data-e-type=\"column\">\n\t\t\t<div class=\"elementor-widget-wrap elementor-element-populated\">\n\t\t\t\t\t\t<div class=\"elementor-element elementor-element-216b4cf elementor-widget elementor-widget-text-editor\" data-id=\"216b4cf\" data-element_type=\"widget\" data-e-type=\"widget\" data-widget_type=\"text-editor.default\">\n\t\t\t\t<div class=\"elementor-widget-container\">\n\t\t\t\t\t\t\t\t\t<p><span style=\"color: #29176f;\"><strong><a style=\"color: #29176f;\" href=\"http:\/\/www.eurordis.org\/covid19openletter\">Leer carta abierta a los formuladores de pol\u00edticas: recomendaciones para proteger a las personas que viven con una enfermedad rara durante la pandemia de COVID-19<\/a><\/strong><\/span><\/p>\t\t\t\t\t\t\t\t<\/div>\n\t\t\t\t<\/div>\n\t\t\t\t\t<\/div>\n\t\t<\/div>\n\t\t\t\t\t<\/div>\n\t\t<\/section>\n\t\t\t\t<section class=\"elementor-section elementor-top-section elementor-element elementor-element-e85767d elementor-section-boxed elementor-section-height-default elementor-section-height-default\" data-id=\"e85767d\" data-element_type=\"section\" data-e-type=\"section\">\n\t\t\t\t\t\t<div class=\"elementor-container elementor-column-gap-default\">\n\t\t\t\t\t<div class=\"elementor-column elementor-col-100 elementor-top-column elementor-element elementor-element-f642037\" data-id=\"f642037\" data-element_type=\"column\" data-e-type=\"column\">\n\t\t\t<div class=\"elementor-widget-wrap elementor-element-populated\">\n\t\t\t\t\t\t<div class=\"elementor-element elementor-element-ca9b5da elementor-widget elementor-widget-image\" data-id=\"ca9b5da\" data-element_type=\"widget\" data-e-type=\"widget\" data-widget_type=\"image.default\">\n\t\t\t\t<div class=\"elementor-widget-container\">\n\t\t\t\t\t\t\t\t\t\t\t\t\t\t\t<img decoding=\"async\" width=\"150\" height=\"150\" src=\"https:\/\/aliber.org\/web\/wp-content\/uploads\/2022\/01\/Rare-Barometer-verti-without-baseline-RGB-150x150.png\" class=\"attachment-thumbnail size-thumbnail wp-image-6848\" alt=\"\" srcset=\"https:\/\/aliber.org\/web\/wp-content\/uploads\/2022\/01\/Rare-Barometer-verti-without-baseline-RGB-150x150.png 150w, https:\/\/aliber.org\/web\/wp-content\/uploads\/2022\/01\/Rare-Barometer-verti-without-baseline-RGB-250x250.png 250w, https:\/\/aliber.org\/web\/wp-content\/uploads\/2022\/01\/Rare-Barometer-verti-without-baseline-RGB-174x174.png 174w, https:\/\/aliber.org\/web\/wp-content\/uploads\/2022\/01\/Rare-Barometer-verti-without-baseline-RGB-120x120.png 120w\" sizes=\"(max-width: 150px) 100vw, 150px\" \/>\t\t\t\t\t\t\t\t\t\t\t\t\t\t\t<\/div>\n\t\t\t\t<\/div>\n\t\t\t\t\t<\/div>\n\t\t<\/div>\n\t\t\t\t\t<\/div>\n\t\t<\/section>\n\t\t\t\t<section class=\"elementor-section elementor-top-section elementor-element elementor-element-7845892 elementor-section-boxed elementor-section-height-default elementor-section-height-default\" data-id=\"7845892\" data-element_type=\"section\" data-e-type=\"section\">\n\t\t\t\t\t\t<div class=\"elementor-container elementor-column-gap-default\">\n\t\t\t\t\t<div class=\"elementor-column elementor-col-100 elementor-top-column elementor-element elementor-element-b3bebcd\" data-id=\"b3bebcd\" data-element_type=\"column\" data-e-type=\"column\">\n\t\t\t<div class=\"elementor-widget-wrap elementor-element-populated\">\n\t\t\t\t\t\t<div class=\"elementor-element elementor-element-a2f454d elementor-widget elementor-widget-text-editor\" data-id=\"a2f454d\" data-element_type=\"widget\" data-e-type=\"widget\" data-widget_type=\"text-editor.default\">\n\t\t\t\t<div class=\"elementor-widget-container\">\n\t\t\t\t\t\t\t\t\t<strong><span style=\"color: #29176f;\">Encuesta global de COVID-19<\/span><\/strong>\n\n<span style=\"color: #29176f;\"><strong>Leer h<\/strong><strong><a style=\"color: #29176f;\" href=\"http:\/\/download2.eurordis.org\/documents\/pdf\/PressRelease_COVID19surveyresults.pdf\">allazgos de la encuesta \u00abImpacto de la pandemia COVID-19 en la comunidad internacional de enfermedades raras\u00bb<\/a><\/strong><strong>\u00a0<\/strong><\/span>\t\t\t\t\t\t\t\t<\/div>\n\t\t\t\t<\/div>\n\t\t\t\t\t<\/div>\n\t\t<\/div>\n\t\t\t\t\t<\/div>\n\t\t<\/section>\n\t\t\t\t<section class=\"elementor-section elementor-top-section elementor-element elementor-element-6de7888 elementor-section-boxed elementor-section-height-default elementor-section-height-default\" data-id=\"6de7888\" data-element_type=\"section\" data-e-type=\"section\">\n\t\t\t\t\t\t<div class=\"elementor-container elementor-column-gap-default\">\n\t\t\t\t\t<div class=\"elementor-column elementor-col-100 elementor-top-column elementor-element elementor-element-a8f1a01\" data-id=\"a8f1a01\" data-element_type=\"column\" data-e-type=\"column\">\n\t\t\t<div class=\"elementor-widget-wrap elementor-element-populated\">\n\t\t\t\t\t\t<div class=\"elementor-element elementor-element-140019b elementor-widget elementor-widget-image\" data-id=\"140019b\" data-element_type=\"widget\" data-e-type=\"widget\" data-widget_type=\"image.default\">\n\t\t\t\t<div class=\"elementor-widget-container\">\n\t\t\t\t\t\t\t\t\t\t\t\t\t\t\t<img decoding=\"async\" src=\"https:\/\/aliber.org\/web\/wp-content\/uploads\/2021\/03\/Feder.png\" title=\"\" alt=\"\" loading=\"lazy\" \/>\t\t\t\t\t\t\t\t\t\t\t\t\t\t\t<\/div>\n\t\t\t\t<\/div>\n\t\t\t\t\t<\/div>\n\t\t<\/div>\n\t\t\t\t\t<\/div>\n\t\t<\/section>\n\t\t\t\t<section class=\"elementor-section elementor-top-section elementor-element elementor-element-c7b764d elementor-section-boxed elementor-section-height-default elementor-section-height-default\" data-id=\"c7b764d\" data-element_type=\"section\" data-e-type=\"section\">\n\t\t\t\t\t\t<div class=\"elementor-container elementor-column-gap-default\">\n\t\t\t\t\t<div class=\"elementor-column elementor-col-100 elementor-top-column elementor-element elementor-element-55d455b\" data-id=\"55d455b\" data-element_type=\"column\" data-e-type=\"column\">\n\t\t\t<div class=\"elementor-widget-wrap elementor-element-populated\">\n\t\t\t\t\t\t<div class=\"elementor-element elementor-element-2945eb7 elementor-widget elementor-widget-text-editor\" data-id=\"2945eb7\" data-element_type=\"widget\" data-e-type=\"widget\" data-widget_type=\"text-editor.default\">\n\t\t\t\t<div class=\"elementor-widget-container\">\n\t\t\t\t\t\t\t\t\t<a style=\"color: #29176f;\" href=\"https:\/\/enfermedades-raras.org\/index.php\/covid-19\"><strong>Centro de Recursos Espa\u00f1a<\/strong><\/a>\n\n\t\t\t\t\t\t\t\t<\/div>\n\t\t\t\t<\/div>\n\t\t\t\t\t<\/div>\n\t\t<\/div>\n\t\t\t\t\t<\/div>\n\t\t<\/section>\n\t\t\t\t<section class=\"elementor-section elementor-top-section elementor-element elementor-element-056d4df elementor-section-boxed elementor-section-height-default elementor-section-height-default\" data-id=\"056d4df\" data-element_type=\"section\" data-e-type=\"section\">\n\t\t\t\t\t\t<div class=\"elementor-container elementor-column-gap-default\">\n\t\t\t\t\t<div class=\"elementor-column elementor-col-100 elementor-top-column elementor-element elementor-element-169186c\" data-id=\"169186c\" data-element_type=\"column\" data-e-type=\"column\">\n\t\t\t<div class=\"elementor-widget-wrap elementor-element-populated\">\n\t\t\t\t\t\t<div class=\"elementor-element elementor-element-a74ecf6 elementor-widget elementor-widget-heading\" data-id=\"a74ecf6\" data-element_type=\"widget\" data-e-type=\"widget\" data-widget_type=\"heading.default\">\n\t\t\t\t<div class=\"elementor-widget-container\">\n\t\t\t\t\t<h2 class=\"elementor-heading-title elementor-size-default\">Declaraciones de alianzas de pacientes con enfermedades raras<\/h2>\t\t\t\t<\/div>\n\t\t\t\t<\/div>\n\t\t\t\t\t<\/div>\n\t\t<\/div>\n\t\t\t\t\t<\/div>\n\t\t<\/section>\n\t\t\t\t<section class=\"elementor-section elementor-top-section elementor-element elementor-element-fa1ea69 elementor-section-boxed elementor-section-height-default elementor-section-height-default\" data-id=\"fa1ea69\" data-element_type=\"section\" data-e-type=\"section\">\n\t\t\t\t\t\t<div class=\"elementor-container elementor-column-gap-default\">\n\t\t\t\t\t<div class=\"elementor-column elementor-col-100 elementor-top-column elementor-element elementor-element-a31ff3f\" data-id=\"a31ff3f\" data-element_type=\"column\" data-e-type=\"column\">\n\t\t\t<div class=\"elementor-widget-wrap elementor-element-populated\">\n\t\t\t\t\t\t<div class=\"elementor-element elementor-element-5ce5491 elementor-widget elementor-widget-text-editor\" data-id=\"5ce5491\" data-element_type=\"widget\" data-e-type=\"widget\" data-widget_type=\"text-editor.default\">\n\t\t\t\t<div class=\"elementor-widget-container\">\n\t\t\t\t\t\t\t\t\t<ul><li><span style=\"color: #000000;\"><a style=\"color: #000000;\" href=\"https:\/\/www.rarediseasesinternational.org\/wp-content\/uploads\/2020\/05\/ALIBER-21-March-2020.pdf\">ALIBER &#8211; Alianza Iberoamericana de Enfermedades Raras, marzo de 2020 (ESP)<\/a><\/span><\/li><li><span style=\"color: #000000;\"><a style=\"color: #000000;\" href=\"https:\/\/www.rarediseasesinternational.org\/wp-content\/uploads\/2020\/05\/Fecoer-22-April-2020.pdf\">FECOER &#8211; Colombiana de Enfermedades Raras, abril 2020 (ESP)<\/a><\/span><\/li><li><span style=\"color: #000000;\"><a style=\"color: #000000;\" href=\"http:\/\/download2.eurordis.org.s3.amazonaws.com\/pressreleases\/NORD-EURORDIS-Rare%20Diseases%20Europe%20Joint%20Statement%20on%20COVID-19%20and%20Orphan%20Drug%20Legislation_FINAL_Formatted_Clean.pdf\">Declaraci\u00f3n conjunta de NORD \/ EURORDIS-Rare Diseases Europe sobre COVID-19 y legislaci\u00f3n sobre medicamentos hu\u00e9rfanos<\/a><\/span><\/li><li><span style=\"color: #000000;\"><a style=\"color: #000000;\" href=\"https:\/\/www.rarediseasesinternational.org\/wp-content\/uploads\/2020\/05\/Pulmonary-Hypertension-Latin-Society-14-April-2020.pdf\">Sociedad Latina de Hipertensi\u00f3n Pulmonar, abril de 2020 (ESP)<\/a><\/span><\/li><\/ul>\t\t\t\t\t\t\t\t<\/div>\n\t\t\t\t<\/div>\n\t\t\t\t\t<\/div>\n\t\t<\/div>\n\t\t\t\t\t<\/div>\n\t\t<\/section>\n\t\t\t\t<section class=\"elementor-section elementor-top-section elementor-element elementor-element-5cbccd0 elementor-section-boxed elementor-section-height-default elementor-section-height-default\" data-id=\"5cbccd0\" data-element_type=\"section\" data-e-type=\"section\">\n\t\t\t\t\t\t<div class=\"elementor-container elementor-column-gap-default\">\n\t\t\t\t\t<div class=\"elementor-column elementor-col-100 elementor-top-column elementor-element elementor-element-36b0a19\" data-id=\"36b0a19\" data-element_type=\"column\" data-e-type=\"column\">\n\t\t\t<div class=\"elementor-widget-wrap elementor-element-populated\">\n\t\t\t\t\t\t<div class=\"elementor-element elementor-element-6589461 elementor-widget elementor-widget-heading\" data-id=\"6589461\" data-element_type=\"widget\" data-e-type=\"widget\" data-widget_type=\"heading.default\">\n\t\t\t\t<div class=\"elementor-widget-container\">\n\t\t\t\t\t<h2 class=\"elementor-heading-title elementor-size-default\">Directrices de Alianzas de pacientes con enfermedades raras y Federaciones espec\u00edficas de enfermedades<\/h2>\t\t\t\t<\/div>\n\t\t\t\t<\/div>\n\t\t\t\t\t<\/div>\n\t\t<\/div>\n\t\t\t\t\t<\/div>\n\t\t<\/section>\n\t\t\t\t<section class=\"elementor-section elementor-top-section elementor-element elementor-element-65587ba elementor-section-boxed elementor-section-height-default elementor-section-height-default\" data-id=\"65587ba\" data-element_type=\"section\" data-e-type=\"section\">\n\t\t\t\t\t\t<div class=\"elementor-container elementor-column-gap-default\">\n\t\t\t\t\t<div class=\"elementor-column elementor-col-100 elementor-top-column elementor-element elementor-element-a7e781b\" data-id=\"a7e781b\" data-element_type=\"column\" data-e-type=\"column\">\n\t\t\t<div class=\"elementor-widget-wrap elementor-element-populated\">\n\t\t\t\t\t\t<div class=\"elementor-element elementor-element-93ab9ea elementor-widget elementor-widget-text-editor\" data-id=\"93ab9ea\" data-element_type=\"widget\" data-e-type=\"widget\" data-widget_type=\"text-editor.default\">\n\t\t\t\t<div class=\"elementor-widget-container\">\n\t\t\t\t\t\t\t\t\t<ul><li><span style=\"color: #000000;\"><a style=\"color: #000000;\" href=\"http:\/\/www.vidasraras.org.br\/site\/images\/covid-19\/General-Guidance-on-the-Care-of-People-with-Rare-Diseases-and-their-Caregivers-in-Times-of-Coronavirus-Pandemic.pdf\">Instituto Vidas Raras &#8211; Directrices generales para pacientes con enfermedades raras<\/a><\/span><\/li><li><span style=\"color: #000000;\">Rarissimas Portugal \u2013 Gu\u00eda informativa para personas con enfermedades raras y cuidadores<\/span><\/li><\/ul>\t\t\t\t\t\t\t\t<\/div>\n\t\t\t\t<\/div>\n\t\t\t\t\t<\/div>\n\t\t<\/div>\n\t\t\t\t\t<\/div>\n\t\t<\/section>\n\t\t\t\t<\/div>\n\t\t","protected":false},"excerpt":{"rendered":"<p>Acceda a recursos en l\u00ednea elaborados por organizaciones que trabajan para apoyar a la comunidad de enfermedades raras a trav\u00e9s de la pandemia COVID-19. Lea la declaraci\u00f3n de RDI aqui<a href=\"https:\/\/aliber.org\/web\/recursos-covid-19\/\">[&#8230;]<\/a><\/p>\n","protected":false},"author":2,"featured_media":0,"parent":0,"menu_order":0,"comment_status":"closed","ping_status":"closed","template":"","meta":{"_exactmetrics_skip_tracking":false,"_exactmetrics_sitenote_active":false,"_exactmetrics_sitenote_note":"","_exactmetrics_sitenote_category":0,"footnotes":""},"class_list":["post-5380","page","type-page","status-publish","hentry"],"_links":{"self":[{"href":"https:\/\/aliber.org\/web\/wp-json\/wp\/v2\/pages\/5380","targetHints":{"allow":["GET"]}}],"collection":[{"href":"https:\/\/aliber.org\/web\/wp-json\/wp\/v2\/pages"}],"about":[{"href":"https:\/\/aliber.org\/web\/wp-json\/wp\/v2\/types\/page"}],"author":[{"embeddable":true,"href":"https:\/\/aliber.org\/web\/wp-json\/wp\/v2\/users\/2"}],"replies":[{"embeddable":true,"href":"https:\/\/aliber.org\/web\/wp-json\/wp\/v2\/comments?post=5380"}],"version-history":[{"count":7,"href":"https:\/\/aliber.org\/web\/wp-json\/wp\/v2\/pages\/5380\/revisions"}],"predecessor-version":[{"id":6851,"href":"https:\/\/aliber.org\/web\/wp-json\/wp\/v2\/pages\/5380\/revisions\/6851"}],"wp:attachment":[{"href":"https:\/\/aliber.org\/web\/wp-json\/wp\/v2\/media?parent=5380"}],"curies":[{"name":"wp","href":"https:\/\/api.w.org\/{rel}","templated":true}]}}